{"id":2,"date":"2016-07-14T11:18:56","date_gmt":"2016-07-14T11:18:56","guid":{"rendered":"https:\/\/www.pd-planika.si\/?page_id=2"},"modified":"2023-01-21T17:56:32","modified_gmt":"2023-01-21T16:56:32","slug":"planinsko-drustvo-planika","status":"publish","type":"page","link":"https:\/\/www.pd-planika.si\/","title":{"rendered":"Index"},"content":{"rendered":"<p><a href=\"https:\/\/www.pd-planika.si\/wp-content\/uploads\/2016\/07\/PD-PLANIKA-glava.png\"><img decoding=\"async\" loading=\"lazy\" class=\"alignleft wp-image-185\" src=\"https:\/\/www.pd-planika.si\/wp-content\/uploads\/2016\/07\/PD-PLANIKA-glava-300x300.png\" alt=\"PD PLANIKA-glava\" width=\"250\" height=\"247\"><\/a>Mejniki v \u017eivljenju in delu dru\u0161tva so tisti pomembni utrinki, ko preletimo celotno prehojeno pot in si radi glasno povemo, kaj vse imenitnega smo postorili in do\u017eiveli.<\/p>\n<p>Planinsko dru\u0161tvo Planika Maribor deluje kot homogeno, specifi\u010dno dru\u0161tvo z jasnim programom dela. Jedro dru\u0161tva tvorijo \u010dlani dru\u0161tva srednje in starej\u0161e generacije.<\/p>\n<p>Leta 1994 je Franci Rajh skupaj \u0161e z nekaj planinci ustanovil PLANINSKO DRU\u0160TVO PLANIKA MARIBOR, ki ga \u0161e vedno uspe\u0161no vodi. Tako se je prvi skupini pohodnikov kaj kmalu priklju\u010dilo \u0161e ve\u010d gora \u017eeljnih ljudi. Vodniki dru\u0161tva so ponosni, da so v teh \u00bbnekaj letih\u00ab na\u0161e pohodnike popeljali na \u0161tevilne izlete tudi izven meja Slovenije.<\/p>\n<p>V za\u010detku tega tiso\u010dletja smo se na pobudo predsednika Francija Rajha, spoprijateljili s PD Nikola Tesla iz Zagreba in leta 2002 podpisali sve\u010dano listino v Mariboru, leta 2003 pa \u0161e v Zagrebu na Slemenu. S tem smo ponesli del na\u0161ega planinstva tudi preko meja Slovenije. Dru\u0161tvi se od takrat vsako leto sre\u010dujeta na pohodih v Sloveniji in na Hrva\u0161kem.<\/p>\n<p>V organizaciji dru\u0161tva imamo tri tradicionalne pohode \u2013 v juliju &#8220;Andrejev pohod na Okre\u0161elj&#8221; in v oktobru &#8220;Pohod Planike na Pohorje&#8221; ter \u00bbMaistrov pohod iz Maribora v Zavrh\u00ab.&nbsp; Vsako leto poteka akcija &#8220;Pohorje moj hrib&#8221; s katerim sodelujemo. Na\u0161e dru\u0161tvo upravlja tudi planinsko pot od Spodnjega Slemena do \u017davcarjevega vrha.<\/p>\n<p>Izdali smo transverzalni dnevnik &#8220;Po ko\u010dah Slovenije&#8221;.<\/p>\n<p>Na\u0161i planinci niso spoznali lepote Slovenije ampak tudi lepote drugih dr\u017eav kot so: Italija in Sicilija z vzponom na vulkan Etna in Vezuv. Obiskali smo Gr\u010dijo z najvi\u0161jim vrhom Olimp, nato Romunijo z najvi\u0161jim vrhom, Bolgarijo z najvi\u0161jim vrhom, Nem\u010dijo z najvi\u0161jim vrhom, spoznavali smo lepote Avstrije, \u010ce\u0161ke, Slova\u0161ke, \u0160panije in Balkanske de\u017eele. Po najdalj\u0161i turi smo se odpravili po &#8220;Veliki Balkanski turi&#8221;: Slovenija, Hrva\u0161ka, Srbija, Makedonija, Gr\u010dija, Albanija, \u010crna gora, Bosna.<\/p>\n<p>Vsem \u010dlanom tudi v bodo\u010de \u017eelimo trden in varen korak v gorah, zato \u201ePobo\u017eat gremo mi planike bele, ki po na\u0161ih gorah rastejo, v njih je vsa ljubezen na\u0161a, ki nas vedno vlekla bo v gore\u201c.<\/p>\n<p><strong>HIMNA PD PLANIKA:<br \/>\n<\/strong><\/p>\n<p><strong><em>Planike tri<\/em><\/strong><\/p>\n\n<table id=\"tablepress-1\" class=\"tablepress tablepress-id-1\">\n<tbody class=\"row-hover\">\n<tr class=\"row-1 odd\">\n\t<td class=\"column-1\">Rastejo v strmi gori<br \/>\nbele planike tri.<br \/>\nZanje vedo le orli,<br \/>\nrosa pokriva jih.<br \/>\n<br \/>\n\u0160el bom v goro, planike nabral<br \/>\nin jih prinesel v dolino nazaj,<br \/>\nTri bele zvezde, troje o\u010di,<br \/>\nvsaka za lep spomin.<br \/>\n<br \/>\nPrvo prinesem mami,<br \/>\nstara ji dlan drhti,<br \/>\ndrugo sestrici mladi,<br \/>\njutri se omo\u017ei.<\/td><td class=\"column-2\">\u0160el bom v goro, planike nabral<br \/>\nin jih prinesel v dolino nazaj,<br \/>\nTri bele zvezde, troje o\u010di,<br \/>\nvsaka za lep spomin.<br \/>\n<br \/>\nTretjo prinesem tebi,<br \/>\n\u010duvaj mi jo skrbno,<br \/>\nnaj te spominja name,<br \/>\n\u010de mene  nazaj ne bo.<br \/>\n<br \/>\n\u0160el bom v goro, planike nabral<br \/>\nin jih prinesel v dolino nazaj,<br \/>\nTri bele zvezde, troje o\u010di,<br \/>\nvsaka za lep spomin.<\/td>\n<\/tr>\n<\/tbody>\n<\/table>\n<!-- #tablepress-1 from cache -->\n","protected":false},"excerpt":{"rendered":"<p>Mejniki v \u017eivljenju in delu dru\u0161tva so tisti pomembni utrinki, ko preletimo celotno prehojeno pot in si radi glasno povemo, kaj vse imenitnega smo postorili in do\u017eiveli. Planinsko dru\u0161tvo Planika Maribor deluje kot homogeno, specifi\u010dno dru\u0161tvo z jasnim programom dela. Jedro dru\u0161tva tvorijo \u010dlani dru\u0161tva srednje in starej\u0161e generacije. Leta 1994 je Franci Rajh skupaj <a href=\"https:\/\/www.pd-planika.si\/\" rel=\"nofollow\"><span class=\"sr-only\">Read more about Index<\/span>[&hellip;]<\/a><\/p>\n","protected":false},"author":1,"featured_media":0,"parent":0,"menu_order":0,"comment_status":"closed","ping_status":"open","template":"","meta":{"ngg_post_thumbnail":0},"yoast_head":"<!-- This site is optimized with the Yoast SEO plugin v20.11 - https:\/\/yoast.com\/wordpress\/plugins\/seo\/ -->\n<title>Index - PD-PLANIKA<\/title>\n<meta name=\"description\" content=\"PD planika deluje v Pekrah v bli\u017eini Maribora\u017e in smo organizatorji ve\u010d tradicionalnih pohodov in ter akcije Pohorje moj hrib.\" \/>\n<meta name=\"robots\" content=\"index, follow, max-snippet:-1, max-image-preview:large, max-video-preview:-1\" \/>\n<link rel=\"canonical\" href=\"https:\/\/www.pd-planika.si\/\" \/>\n<meta property=\"og:locale\" content=\"en_US\" \/>\n<meta property=\"og:type\" content=\"article\" \/>\n<meta property=\"og:title\" content=\"Index - PD-PLANIKA\" \/>\n<meta property=\"og:description\" content=\"PD planika deluje v Pekrah v bli\u017eini Maribora\u017e in smo organizatorji ve\u010d tradicionalnih pohodov in ter akcije Pohorje moj hrib.\" \/>\n<meta property=\"og:url\" content=\"https:\/\/www.pd-planika.si\/\" \/>\n<meta property=\"og:site_name\" content=\"PD-PLANIKA\" \/>\n<meta property=\"article:modified_time\" content=\"2023-01-21T16:56:32+00:00\" \/>\n<meta property=\"og:image\" content=\"https:\/\/www.pd-planika.si\/wp-content\/uploads\/2016\/07\/PD-PLANIKA-glava-300x300.png\" \/>\n<meta name=\"twitter:card\" content=\"summary_large_image\" \/>\n<meta name=\"twitter:label1\" content=\"Est. reading time\" \/>\n\t<meta name=\"twitter:data1\" content=\"2 minutes\" \/>\n<script type=\"application\/ld+json\" class=\"yoast-schema-graph\">{\"@context\":\"https:\/\/schema.org\",\"@graph\":[{\"@type\":\"WebPage\",\"@id\":\"https:\/\/www.pd-planika.si\/\",\"url\":\"https:\/\/www.pd-planika.si\/\",\"name\":\"Index - PD-PLANIKA\",\"isPartOf\":{\"@id\":\"https:\/\/www.pd-planika.si\/#website\"},\"datePublished\":\"2016-07-14T11:18:56+00:00\",\"dateModified\":\"2023-01-21T16:56:32+00:00\",\"description\":\"PD planika deluje v Pekrah v bli\u017eini Maribora\u017e in smo organizatorji ve\u010d tradicionalnih pohodov in ter akcije Pohorje moj hrib.\",\"breadcrumb\":{\"@id\":\"https:\/\/www.pd-planika.si\/#breadcrumb\"},\"inLanguage\":\"en-US\",\"potentialAction\":[{\"@type\":\"ReadAction\",\"target\":[\"https:\/\/www.pd-planika.si\/\"]}]},{\"@type\":\"BreadcrumbList\",\"@id\":\"https:\/\/www.pd-planika.si\/#breadcrumb\",\"itemListElement\":[{\"@type\":\"ListItem\",\"position\":1,\"name\":\"Home\",\"item\":\"https:\/\/www.pd-planika.si\/\"},{\"@type\":\"ListItem\",\"position\":2,\"name\":\"Index\"}]},{\"@type\":\"WebSite\",\"@id\":\"https:\/\/www.pd-planika.si\/#website\",\"url\":\"https:\/\/www.pd-planika.si\/\",\"name\":\"PD-PLANIKA\",\"description\":\"\",\"publisher\":{\"@id\":\"https:\/\/www.pd-planika.si\/#organization\"},\"potentialAction\":[{\"@type\":\"SearchAction\",\"target\":{\"@type\":\"EntryPoint\",\"urlTemplate\":\"https:\/\/www.pd-planika.si\/?s={search_term_string}\"},\"query-input\":\"required name=search_term_string\"}],\"inLanguage\":\"en-US\"},{\"@type\":\"Organization\",\"@id\":\"https:\/\/www.pd-planika.si\/#organization\",\"name\":\"PD-PLANIKA\",\"url\":\"https:\/\/www.pd-planika.si\/\",\"logo\":{\"@type\":\"ImageObject\",\"inLanguage\":\"en-US\",\"@id\":\"https:\/\/www.pd-planika.si\/#\/schema\/logo\/image\/\",\"url\":\"https:\/\/www.pd-planika.si\/wp-content\/uploads\/2016\/07\/PD-PLANIKA-glava.png\",\"contentUrl\":\"https:\/\/www.pd-planika.si\/wp-content\/uploads\/2016\/07\/PD-PLANIKA-glava.png\",\"width\":412,\"height\":412,\"caption\":\"PD-PLANIKA\"},\"image\":{\"@id\":\"https:\/\/www.pd-planika.si\/#\/schema\/logo\/image\/\"}}]}<\/script>\n<!-- \/ Yoast SEO plugin. -->","yoast_head_json":{"title":"Index - PD-PLANIKA","description":"PD planika deluje v Pekrah v bli\u017eini Maribora\u017e in smo organizatorji ve\u010d tradicionalnih pohodov in ter akcije Pohorje moj hrib.","robots":{"index":"index","follow":"follow","max-snippet":"max-snippet:-1","max-image-preview":"max-image-preview:large","max-video-preview":"max-video-preview:-1"},"canonical":"https:\/\/www.pd-planika.si\/","og_locale":"en_US","og_type":"article","og_title":"Index - PD-PLANIKA","og_description":"PD planika deluje v Pekrah v bli\u017eini Maribora\u017e in smo organizatorji ve\u010d tradicionalnih pohodov in ter akcije Pohorje moj hrib.","og_url":"https:\/\/www.pd-planika.si\/","og_site_name":"PD-PLANIKA","article_modified_time":"2023-01-21T16:56:32+00:00","og_image":[{"url":"https:\/\/www.pd-planika.si\/wp-content\/uploads\/2016\/07\/PD-PLANIKA-glava-300x300.png"}],"twitter_card":"summary_large_image","twitter_misc":{"Est. reading time":"2 minutes"},"schema":{"@context":"https:\/\/schema.org","@graph":[{"@type":"WebPage","@id":"https:\/\/www.pd-planika.si\/","url":"https:\/\/www.pd-planika.si\/","name":"Index - PD-PLANIKA","isPartOf":{"@id":"https:\/\/www.pd-planika.si\/#website"},"datePublished":"2016-07-14T11:18:56+00:00","dateModified":"2023-01-21T16:56:32+00:00","description":"PD planika deluje v Pekrah v bli\u017eini Maribora\u017e in smo organizatorji ve\u010d tradicionalnih pohodov in ter akcije Pohorje moj hrib.","breadcrumb":{"@id":"https:\/\/www.pd-planika.si\/#breadcrumb"},"inLanguage":"en-US","potentialAction":[{"@type":"ReadAction","target":["https:\/\/www.pd-planika.si\/"]}]},{"@type":"BreadcrumbList","@id":"https:\/\/www.pd-planika.si\/#breadcrumb","itemListElement":[{"@type":"ListItem","position":1,"name":"Home","item":"https:\/\/www.pd-planika.si\/"},{"@type":"ListItem","position":2,"name":"Index"}]},{"@type":"WebSite","@id":"https:\/\/www.pd-planika.si\/#website","url":"https:\/\/www.pd-planika.si\/","name":"PD-PLANIKA","description":"","publisher":{"@id":"https:\/\/www.pd-planika.si\/#organization"},"potentialAction":[{"@type":"SearchAction","target":{"@type":"EntryPoint","urlTemplate":"https:\/\/www.pd-planika.si\/?s={search_term_string}"},"query-input":"required name=search_term_string"}],"inLanguage":"en-US"},{"@type":"Organization","@id":"https:\/\/www.pd-planika.si\/#organization","name":"PD-PLANIKA","url":"https:\/\/www.pd-planika.si\/","logo":{"@type":"ImageObject","inLanguage":"en-US","@id":"https:\/\/www.pd-planika.si\/#\/schema\/logo\/image\/","url":"https:\/\/www.pd-planika.si\/wp-content\/uploads\/2016\/07\/PD-PLANIKA-glava.png","contentUrl":"https:\/\/www.pd-planika.si\/wp-content\/uploads\/2016\/07\/PD-PLANIKA-glava.png","width":412,"height":412,"caption":"PD-PLANIKA"},"image":{"@id":"https:\/\/www.pd-planika.si\/#\/schema\/logo\/image\/"}}]}},"_links":{"self":[{"href":"https:\/\/www.pd-planika.si\/index.php?rest_route=\/wp\/v2\/pages\/2"}],"collection":[{"href":"https:\/\/www.pd-planika.si\/index.php?rest_route=\/wp\/v2\/pages"}],"about":[{"href":"https:\/\/www.pd-planika.si\/index.php?rest_route=\/wp\/v2\/types\/page"}],"author":[{"embeddable":true,"href":"https:\/\/www.pd-planika.si\/index.php?rest_route=\/wp\/v2\/users\/1"}],"replies":[{"embeddable":true,"href":"https:\/\/www.pd-planika.si\/index.php?rest_route=%2Fwp%2Fv2%2Fcomments&post=2"}],"version-history":[{"count":15,"href":"https:\/\/www.pd-planika.si\/index.php?rest_route=\/wp\/v2\/pages\/2\/revisions"}],"predecessor-version":[{"id":2351,"href":"https:\/\/www.pd-planika.si\/index.php?rest_route=\/wp\/v2\/pages\/2\/revisions\/2351"}],"wp:attachment":[{"href":"https:\/\/www.pd-planika.si\/index.php?rest_route=%2Fwp%2Fv2%2Fmedia&parent=2"}],"curies":[{"name":"wp","href":"https:\/\/api.w.org\/{rel}","templated":true}]}}